{"id":1361,"date":"2025-11-15T18:16:15","date_gmt":"2025-11-15T18:16:15","guid":{"rendered":"https:\/\/ntkdp.ca\/?page_id=1361"},"modified":"2025-12-12T19:54:31","modified_gmt":"2025-12-12T19:54:31","slug":"join-the-national-taekwondo-program","status":"publish","type":"page","link":"https:\/\/ntkdp.ca\/fr\/join-the-national-taekwondo-program\/","title":{"rendered":"Join the National Taekwondo Program"},"content":{"rendered":"<div class=\"wp-block-group ntkdp-join-page is-layout-constrained wp-block-group-is-layout-constrained\">\n<div style=\"  max-width: 1000px;  margin: 40px auto;  background: #ffffff;  color: #111;  border-radius: 14px;  padding: 30px 28px;  box-shadow: 0 8px 24px rgba(0,0,0,0.15);  font-family: Arial, Helvetica, sans-serif;\">\n\n  <p style=\"font-size: 1.05rem; margin-top: 0;\">\n    <strong>Welcome to the National Taekwondo Program (NTKDP).<\/strong><br>\n    Please complete the registration form below to receive access to all online training materials.\n  <\/p>\n\n  <hr style=\"border: none; border-top: 1px solid #ddd; margin: 20px 0;\">\n\n  <p style=\"font-size: 1.05rem;\">\n    <strong>Bienvenue au Programme national de taekwondo (NTKDP).<\/strong><br>\n    Veuillez remplir le formulaire d\u2019inscription ci-dessous afin de recevoir l\u2019acc\u00e8s \u00e0 tout le mat\u00e9riel de formation en ligne.\n  <\/p>\n\n  <hr style=\"border: none; border-top: 2px solid #B00020; margin: 26px 0;\">\n\n  <iframe src=\"https:\/\/manager.dojoexpert.com\/student\/form.aspx?g=a5e8c5d3-73b2-4537-a71e-9d8ef73c4d0a&amp;j=en-US\" title=\"NTKDP Virtual Dojang Registration\" style=\"width: 100%; height: 1600px; border: 0;\" loading=\"lazy\" scrolling=\"auto\">\n  <\/iframe>\n\n  <p style=\"margin-top: 20px; font-size: 0.95rem;\">\n    If the form does not load correctly, you may also register using this link:<br>\n    <a href=\"https:\/\/manager.dojoexpert.com\/student\/form.aspx?g=a5e8c5d3-73b2-4537-a71e-9d8ef73c4d0a&amp;j=en-US\" target=\"_blank\" rel=\"noopener\">\n      Open registration form in a new tab\n    <\/a>\n  <\/p>\n\n<\/div>\n<\/div>","protected":false},"excerpt":{"rendered":"<p>Welcome to the National Taekwondo Program (NTKDP). Please complete the registration form below to receive access to all online training materials. Bienvenue au Programme national de taekwondo (NTKDP). Veuillez remplir le formulaire d\u2019inscription ci-dessous afin de recevoir l\u2019acc\u00e8s \u00e0 tout le mat\u00e9riel de formation en ligne. If the form does not load correctly, you may [&hellip;]<\/p>","protected":false},"author":1,"featured_media":0,"parent":0,"menu_order":0,"comment_status":"closed","ping_status":"closed","template":"","meta":{"_surecart_dashboard_logo_width":"180px","_surecart_dashboard_show_logo":true,"_surecart_dashboard_navigation_orders":true,"_surecart_dashboard_navigation_invoices":true,"_surecart_dashboard_navigation_subscriptions":true,"_surecart_dashboard_navigation_downloads":true,"_surecart_dashboard_navigation_billing":true,"_surecart_dashboard_navigation_account":true,"_uag_custom_page_level_css":"\/* Make the join page centered and readable *\/\n.ntkdp-join-page {\n    max-width: 900px;\n    margin: 0 auto;\n    padding: 40px 20px;\n}\n\n\/* Make the form appear as a white card *\/\n.ntkdp-join-page .wpforms-container {\n    background: #ffffff;\n    padding: 30px;\n    border-radius: 12px;\n    box-shadow: 0 4px 20px rgba(0,0,0,0.25);\n}\n\n\/* Basic text styling *\/\n.ntkdp-join-page h1,\n.ntkdp-join-page h2 {\n    color: #ffffff;\n}\n\n.ntkdp-join-page p {\n    color: #ffffff;\n    font-size: 18px;\n}\n\n\/* Input fields *\/\n.ntkdp-join-page input,\n.ntkdp-join-page select {\n    border-radius: 6px !important;\n    padding: 10px !important;\n}\n\n\/* Submit button *\/\n.ntkdp-join-page .wpforms-submit-container button {\n    background-color: #C8102E;\n    color: #ffffff;\n    padding: 12px 22px;\n    border-radius: 8px;\n    font-weight: bold;\n    border: none;\n}\/* Force the form background area to white *\/\n.ntkdp-join-page .wpforms-field-container,\n.ntkdp-join-page .wpforms-form,\n.ntkdp-join-page .wpforms-form * {\n    background-color: #ffffff !important;\n    color: #000000 !important;\n}\n.ntkdp-join-page h1 {\n    margin-bottom: 8px;\n}\n\n.ntkdp-join-page p {\n    margin-top: 10px;\n}","site-sidebar-layout":"no-sidebar","site-content-layout":"","ast-site-content-layout":"full-width-container","site-content-style":"boxed","site-sidebar-style":"default","ast-global-header-display":"","ast-banner-title-visibility":"","ast-main-header-display":"","ast-hfb-above-header-display":"","ast-hfb-below-header-display":"","ast-hfb-mobile-header-display":"","site-post-title":"","ast-breadcrumbs-content":"","ast-featured-img":"","footer-sml-layout":"","theme-transparent-header-meta":"disabled","adv-header-id-meta":"","stick-header-meta":"","header-above-stick-meta":"","header-main-stick-meta":"","header-below-stick-meta":"","astra-migrate-meta-layouts":"set","ast-page-background-enabled":"default","ast-page-background-meta":{"desktop":{"background-color":"","background-image":"","background-repeat":"repeat","background-position":"center center","background-size":"auto","background-attachment":"scroll","background-type":"","background-media":"","overlay-type":"","overlay-color":"","overlay-opacity":"","overlay-gradient":""},"tablet":{"background-color":"","background-image":"","background-repeat":"repeat","background-position":"center center","background-size":"auto","background-attachment":"scroll","background-type":"","background-media":"","overlay-type":"","overlay-color":"","overlay-opacity":"","overlay-gradient":""},"mobile":{"background-color":"","background-image":"","background-repeat":"repeat","background-position":"center center","background-size":"auto","background-attachment":"scroll","background-type":"","background-media":"","overlay-type":"","overlay-color":"","overlay-opacity":"","overlay-gradient":""}},"ast-content-background-meta":{"desktop":{"background-color":"var(--ast-global-color-5)","background-image":"","background-repeat":"repeat","background-position":"center center","background-size":"auto","background-attachment":"scroll","background-type":"","background-media":"","overlay-type":"","overlay-color":"","overlay-opacity":"","overlay-gradient":""},"tablet":{"background-color":"var(--ast-global-color-5)","background-image":"","background-repeat":"repeat","background-position":"center center","background-size":"auto","background-attachment":"scroll","background-type":"","background-media":"","overlay-type":"","overlay-color":"","overlay-opacity":"","overlay-gradient":""},"mobile":{"background-color":"var(--ast-global-color-5)","background-image":"","background-repeat":"repeat","background-position":"center center","background-size":"auto","background-attachment":"scroll","background-type":"","background-media":"","overlay-type":"","overlay-color":"","overlay-opacity":"","overlay-gradient":""}},"footnotes":""},"class_list":["post-1361","page","type-page","status-publish","hentry"],"uagb_featured_image_src":{"full":false,"thumbnail":false,"medium":false,"medium_large":false,"large":false,"1536x1536":false,"2048x2048":false,"trp-custom-language-flag":false},"uagb_author_info":{"display_name":"gallantcj@outlook.com","author_link":"https:\/\/ntkdp.ca\/fr\/author\/gallantcjoutlook-com\/"},"uagb_comment_info":0,"uagb_excerpt":"Welcome to the National Taekwondo Program (NTKDP). Please complete the registration form below to receive access to all online training materials. Bienvenue au Programme national de taekwondo (NTKDP). Veuillez remplir le formulaire d\u2019inscription ci-dessous afin de recevoir l\u2019acc\u00e8s \u00e0 tout le mat\u00e9riel de formation en ligne. If the form does not load correctly, you may&hellip;","_links":{"self":[{"href":"https:\/\/ntkdp.ca\/fr\/wp-json\/wp\/v2\/pages\/1361","targetHints":{"allow":["GET"]}}],"collection":[{"href":"https:\/\/ntkdp.ca\/fr\/wp-json\/wp\/v2\/pages"}],"about":[{"href":"https:\/\/ntkdp.ca\/fr\/wp-json\/wp\/v2\/types\/page"}],"author":[{"embeddable":true,"href":"https:\/\/ntkdp.ca\/fr\/wp-json\/wp\/v2\/users\/1"}],"replies":[{"embeddable":true,"href":"https:\/\/ntkdp.ca\/fr\/wp-json\/wp\/v2\/comments?post=1361"}],"version-history":[{"count":4,"href":"https:\/\/ntkdp.ca\/fr\/wp-json\/wp\/v2\/pages\/1361\/revisions"}],"predecessor-version":[{"id":1432,"href":"https:\/\/ntkdp.ca\/fr\/wp-json\/wp\/v2\/pages\/1361\/revisions\/1432"}],"wp:attachment":[{"href":"https:\/\/ntkdp.ca\/fr\/wp-json\/wp\/v2\/media?parent=1361"}],"curies":[{"name":"wp","href":"https:\/\/api.w.org\/{rel}","templated":true}]}}