{"id":247,"date":"2025-11-07T17:28:10","date_gmt":"2025-11-07T17:28:10","guid":{"rendered":"https:\/\/ntkdp.ca\/home\/"},"modified":"2025-12-12T21:39:05","modified_gmt":"2025-12-12T21:39:05","slug":"home","status":"publish","type":"page","link":"https:\/\/ntkdp.ca\/fr\/","title":{"rendered":"Accueil"},"content":{"rendered":"<div class=\"wp-block-uagb-container uagb-block-baf9684e alignfull uagb-is-root-container\"><div class=\"uagb-container-inner-blocks-wrap\">\n<div class=\"wp-block-uagb-container uagb-block-dfe4e63d\">\n<div class=\"wp-block-uagb-advanced-heading uagb-block-cce9e954\"><h6 class=\"uagb-heading-text\">Bienvenue dans notre programme<\/h6><\/div>\n\n\n\n<div class=\"wp-block-uagb-info-box uagb-block-a92b8c1a uagb-infobox__content-wrap  uagb-infobox-icon-above-title uagb-infobox-image-valign-top\"><div class=\"uagb-ifb-content\"><div class=\"uagb-ifb-title-wrap\"><h1 class=\"uagb-ifb-title\">PROGRAMME NATIONAL DE TAEKWONDO<\/h1><\/div><p class=\"uagb-ifb-desc\">Un programme d'arts martiaux s\u00fbr et structur\u00e9 con\u00e7u pour aider les enfants et les adultes \u00e0 devenir plus forts physiquement et mentalement. Confiance, forme physique, respect et r\u00e9elles comp\u00e9tences d'autod\u00e9fense pour tout le monde.<\/p><\/div><\/div>\n\n\n\n<div class=\"wp-block-uagb-container uagb-block-12f65aef\">\n<div class=\"wp-block-uagb-buttons uagb-buttons__outer-wrap uagb-btn__default-btn uagb-btn-tablet__default-btn uagb-btn-mobile__default-btn uagb-block-527d6a14\"><div class=\"uagb-buttons__wrap uagb-buttons-layout-wrap\">\n<div class=\"wp-block-uagb-buttons-child uagb-buttons__outer-wrap uagb-block-55e4d86f wp-block-button\"><div class=\"uagb-button__wrapper\"><a class=\"uagb-buttons-repeater wp-block-button__link\" aria-label=\"\" href=\"https:\/\/ntkdp.ca\/fr\/join-the-national-taekwondo-program\/\" rel=\"follow noopener\" target=\"_self\" role=\"button\"><div class=\"uagb-button__link\">Rejoindre la classe aujourd'hui<\/div><\/a><\/div><\/div>\n<\/div><\/div>\n\n\n\n<div class=\"wp-block-uagb-advanced-heading uagb-block-22b72d5b\"><div class=\"uagb-heading-text\">Inscrivez-vous d\u00e8s maintenant :<\/div><p class=\"uagb-desc-text\">(902) 403-3371<\/p><\/div>\n<\/div>\n<\/div>\n\n\n\n<div class=\"wp-block-uagb-container uagb-block-37937a92\">\n<div class=\"wp-block-uagb-image uagb-block-610f62b3 wp-block-uagb-image--layout-default wp-block-uagb-image--effect-static wp-block-uagb-image--align-none\"><figure class=\"wp-block-uagb-image__figure\"><img loading=\"lazy\" decoding=\"async\" srcset=\"https:\/\/ntkdp.ca\/wp-content\/uploads\/2025\/11\/liftapp-5-648x1024.png ,https:\/\/ntkdp.ca\/wp-content\/uploads\/2025\/11\/liftapp-5.png 780w, https:\/\/ntkdp.ca\/wp-content\/uploads\/2025\/11\/liftapp-5.png 360w\" sizes=\"auto, (max-width: 480px) 150px\" src=\"https:\/\/ntkdp.ca\/wp-content\/uploads\/2025\/11\/liftapp-5-648x1024.png\" alt=\"liftapp 5\" class=\"uag-image-1307\" width=\"884\" height=\"816\" title=\"liftapp 5\" role=\"img\"\/><\/figure><\/div>\n<\/div>\n<\/div><\/div>\n\n\n\n<div class=\"wp-block-uagb-container uagb-block-d1748936 alignfull uagb-is-root-container\"><div class=\"uagb-container-inner-blocks-wrap\">\n<div class=\"wp-block-uagb-container uagb-block-e2dd5684\">\n<div class=\"wp-block-uagb-image uagb-block-bed949a2 wp-block-uagb-image--layout-default wp-block-uagb-image--effect-static wp-block-uagb-image--align-none\"><figure class=\"wp-block-uagb-image__figure\"><img loading=\"lazy\" decoding=\"async\" srcset=\"https:\/\/ntkdp.ca\/wp-content\/uploads\/2025\/11\/liftapp-4-825x1024.png ,https:\/\/ntkdp.ca\/wp-content\/uploads\/2025\/11\/liftapp-4.png 780w, https:\/\/ntkdp.ca\/wp-content\/uploads\/2025\/11\/liftapp-4.png 360w\" sizes=\"auto, (max-width: 480px) 150px\" src=\"https:\/\/ntkdp.ca\/wp-content\/uploads\/2025\/11\/liftapp-4-825x1024.png\" alt=\"liftapp 4\" class=\"uag-image-1305\" width=\"427\" height=\"640\" title=\"liftapp 4\" role=\"img\"\/><\/figure><\/div>\n<\/div>\n\n\n\n<div class=\"wp-block-uagb-container uagb-block-f380c912\">\n<div class=\"wp-block-uagb-advanced-heading uagb-block-b08cbfdf\"><h6 class=\"uagb-heading-text\">\u00c0 propos de nous<\/h6><\/div>\n\n\n\n<div class=\"wp-block-uagb-advanced-heading uagb-block-84cc5912\"><h2 class=\"uagb-heading-text\">Arts martiaux <\/h2><p class=\"uagb-desc-text\">Le programme national de taekwondo propose un entra\u00eenement moderne et accessible aux \u00e9tudiants de tous \u00e2ges et de toutes capacit\u00e9s. Nos instructeurs mettent l'accent sur la confiance, la discipline, la condition physique et l'autod\u00e9fense pratique dans un environnement favorable. Que vous vous entra\u00eeniez en ligne ou dans le dojang, notre programme est structur\u00e9, s\u00fbr et ax\u00e9 sur les objectifs.<\/p><\/div>\n\n\n\n<div class=\"wp-block-uagb-advanced-heading uagb-block-f294b19d\"><p class=\"uagb-desc-text\">Le Taekwondo d\u00e9veloppe le corps et l'esprit - la force, la coordination, la concentration, le leadership et le respect. Les \u00e9l\u00e8ves progressent \u00e0 leur propre rythme \u00e0 travers un syst\u00e8me de ceintures national standardis\u00e9, avec un enseignement qualifi\u00e9 et un support d'apprentissage num\u00e9rique pour chaque \u00e9tape du voyage.<\/p><\/div>\n\n\n\n<div class=\"wp-block-uagb-buttons uagb-buttons__outer-wrap uagb-btn__default-btn uagb-btn-tablet__default-btn uagb-btn-mobile__default-btn uagb-block-53258715\"><div class=\"uagb-buttons__wrap uagb-buttons-layout-wrap\">\n<div class=\"wp-block-uagb-buttons-child uagb-buttons__outer-wrap uagb-block-b87ec76d wp-block-button\"><div class=\"uagb-button__wrapper\"><a class=\"uagb-buttons-repeater wp-block-button__link\" aria-label=\"\" href=\"#\" rel=\"follow noopener\" target=\"_self\" role=\"button\"><div class=\"uagb-button__link\">Lire la suite<\/div><span class=\"uagb-button__icon uagb-button__icon-position-after\"><svg xmlns=\"https:\/\/www.w3.org\/2000\/svg\" viewbox=\"0 0 256 512\" aria-hidden=\"true\" focussable=\"false\"><path d=\"M118.6 105.4l128 127.1C252.9 239.6 256 247.8 256 255.1s-3.125 16.38-9.375 22.63l-128 127.1c-9.156 9.156-22.91 11.9-34.88 6.943S64 396.9 64 383.1V128c0-12.94 7.781-24.62 19.75-29.58S109.5 96.23 118.6 105.4z\"><\/path><\/svg><\/span><\/a><\/div><\/div>\n<\/div><\/div>\n<\/div>\n<\/div><\/div>\n\n\n\n<div class=\"wp-block-uagb-container uagb-block-a4445bb5 alignfull uagb-is-root-container\"><div class=\"uagb-container-inner-blocks-wrap\">\n<div class=\"wp-block-uagb-advanced-heading uagb-block-6d512844\"><h6 class=\"uagb-heading-text\">Nos programmes<\/h6><\/div>\n\n\n\n<div class=\"wp-block-uagb-advanced-heading uagb-block-dc87b879\"><h2 class=\"uagb-heading-text\">Cours d'arts martiaux<\/h2><\/div>\n\n\n\n<div class=\"wp-block-uagb-container uagb-block-dea09ef7\">\n<div class=\"wp-block-uagb-container uagb-block-74de88f7\">\n<div class=\"wp-block-uagb-advanced-heading uagb-block-0c3a8721\"><h6 class=\"uagb-heading-text\">01<\/h6><\/div>\n\n\n\n<div class=\"wp-block-uagb-info-box uagb-block-e20de136 uagb-infobox__content-wrap  uagb-infobox-icon-above-title uagb-infobox-image-valign-top\"><div class=\"uagb-ifb-content\"><div class=\"uagb-ifb-title-wrap\"><h3 class=\"uagb-ifb-title\">ENFANTS (6-11)<\/h3><\/div><p class=\"uagb-ifb-desc\"><strong>COMING SOON<\/strong><br><br>Notre programme pour enfants enseigne le respect, le travail d'\u00e9quipe et les techniques d'arts martiaux de base dans un environnement s\u00fbr et positif.<\/p><div class=\"uagb-ifb-button-wrapper wp-block-button\"><a href=\"#\" class=\"uagb-infobox-cta-link wp-block-button__link\" target=\"_self\" rel=\"noopener noreferrer\" onclick=\"return false;\"><span class=\"uagb-inline-editing\">Rejoindre la classe<\/span><svg xmlns=\"https:\/\/www.w3.org\/2000\/svg\" viewbox=\"0 0 256 512\"><path d=\"M118.6 105.4l128 127.1C252.9 239.6 256 247.8 256 255.1s-3.125 16.38-9.375 22.63l-128 127.1c-9.156 9.156-22.91 11.9-34.88 6.943S64 396.9 64 383.1V128c0-12.94 7.781-24.62 19.75-29.58S109.5 96.23 118.6 105.4z\"><\/path><\/svg><\/a><\/div><\/div><\/div>\n<\/div>\n\n\n\n<div class=\"wp-block-uagb-container uagb-block-2f1f0700\">\n<div class=\"wp-block-uagb-advanced-heading uagb-block-1c03bd89\"><h6 class=\"uagb-heading-text\">02<\/h6><\/div>\n\n\n\n<div class=\"wp-block-uagb-info-box uagb-block-2f691f4d uagb-infobox__content-wrap  uagb-infobox-icon-above-title uagb-infobox-image-valign-top\"><div class=\"uagb-ifb-content\"><div class=\"uagb-ifb-title-wrap\"><h3 class=\"uagb-ifb-title\">ADOLESCENTS (12-17)<\/h3><\/div><p class=\"uagb-ifb-desc\"><strong>COMING SOON<\/strong><br><br>Les adolescents d\u00e9veloppent leur technique, leur forme physique et leur responsabilit\u00e9 personnelle gr\u00e2ce \u00e0 un entra\u00eenement structur\u00e9 en arts martiaux et \u00e0 des s\u00e9ances d'entra\u00eenement stimulantes.<\/p><div class=\"uagb-ifb-button-wrapper wp-block-button\"><a href=\"#\" class=\"uagb-infobox-cta-link wp-block-button__link\" target=\"_self\" rel=\"noopener noreferrer\" onclick=\"return false;\"><span class=\"uagb-inline-editing\">Rejoindre la classe<\/span><svg xmlns=\"https:\/\/www.w3.org\/2000\/svg\" viewbox=\"0 0 256 512\"><path d=\"M118.6 105.4l128 127.1C252.9 239.6 256 247.8 256 255.1s-3.125 16.38-9.375 22.63l-128 127.1c-9.156 9.156-22.91 11.9-34.88 6.943S64 396.9 64 383.1V128c0-12.94 7.781-24.62 19.75-29.58S109.5 96.23 118.6 105.4z\"><\/path><\/svg><\/a><\/div><\/div><\/div>\n<\/div>\n\n\n\n<div class=\"wp-block-uagb-container uagb-block-6ca4dd0b\">\n<div class=\"wp-block-uagb-advanced-heading uagb-block-9149a64e\"><h6 class=\"uagb-heading-text\">03<\/h6><\/div>\n\n\n\n<div class=\"wp-block-uagb-info-box uagb-block-1e7e3404 uagb-infobox__content-wrap  uagb-infobox-icon-above-title uagb-infobox-image-valign-top\"><div class=\"uagb-ifb-content\"><div class=\"uagb-ifb-title-wrap\"><h3 class=\"uagb-ifb-title\">ADULTES (18+)<\/h3><\/div><p class=\"uagb-ifb-desc\"><strong>S'entra\u00eener pour \u00eatre en forme, se concentrer et acqu\u00e9rir de r\u00e9elles comp\u00e9tences en arts martiaux.<\/strong><br><br>Nos cours pour adultes allient technique pratique, conditionnement et soulagement du stress - parfaits pour les d\u00e9butants comme pour les athl\u00e8tes exp\u00e9riment\u00e9s.<\/p><div class=\"uagb-ifb-button-wrapper wp-block-button\"><a href=\"https:\/\/ntkdp.ca\/fr\/join-the-national-taekwondo-program\/\" class=\"uagb-infobox-cta-link wp-block-button__link\" target=\"_self\" rel=\"noopener noreferrer\" onclick=\"return true;\"><span class=\"uagb-inline-editing\">Rejoindre la classe<\/span><svg xmlns=\"https:\/\/www.w3.org\/2000\/svg\" viewbox=\"0 0 256 512\"><path d=\"M118.6 105.4l128 127.1C252.9 239.6 256 247.8 256 255.1s-3.125 16.38-9.375 22.63l-128 127.1c-9.156 9.156-22.91 11.9-34.88 6.943S64 396.9 64 383.1V128c0-12.94 7.781-24.62 19.75-29.58S109.5 96.23 118.6 105.4z\"><\/path><\/svg><\/a><\/div><\/div><\/div>\n<\/div>\n\n\n\n<div class=\"wp-block-uagb-container uagb-block-a681cc0a\">\n<div class=\"wp-block-uagb-advanced-heading uagb-block-5b23191a\"><h6 class=\"uagb-heading-text\">04<\/h6><\/div>\n\n\n\n<div class=\"wp-block-uagb-info-box uagb-block-62540169 uagb-infobox__content-wrap  uagb-infobox-icon-above-title uagb-infobox-image-valign-top\"><div class=\"uagb-ifb-content\"><div class=\"uagb-ifb-title-wrap\"><h3 class=\"uagb-ifb-title\">PARA-TKD<\/h3><\/div><p class=\"uagb-ifb-desc\"><strong>COMING SOON<\/strong><br><br>Le Para-TKD accueille des \u00e9l\u00e8ves aux capacit\u00e9s physiques et intellectuelles vari\u00e9es, en leur proposant un enseignement individualis\u00e9 et une progression en toute s\u00e9curit\u00e9.<\/p><div class=\"uagb-ifb-button-wrapper wp-block-button\"><a href=\"#\" class=\"uagb-infobox-cta-link wp-block-button__link\" target=\"_self\" rel=\"noopener noreferrer\" onclick=\"return false;\"><span class=\"uagb-inline-editing\">Rejoindre la classe<\/span><svg xmlns=\"https:\/\/www.w3.org\/2000\/svg\" viewbox=\"0 0 256 512\"><path d=\"M118.6 105.4l128 127.1C252.9 239.6 256 247.8 256 255.1s-3.125 16.38-9.375 22.63l-128 127.1c-9.156 9.156-22.91 11.9-34.88 6.943S64 396.9 64 383.1V128c0-12.94 7.781-24.62 19.75-29.58S109.5 96.23 118.6 105.4z\"><\/path><\/svg><\/a><\/div><\/div><\/div>\n<\/div>\n<\/div>\n<\/div><\/div>\n\n\n\n<div class=\"wp-block-uagb-container uagb-block-fbc28097 alignfull uagb-is-root-container\"><div class=\"uagb-container-inner-blocks-wrap\">\n<div class=\"wp-block-uagb-container uagb-block-09134c62\">\n<div class=\"wp-block-uagb-advanced-heading uagb-block-fe5c4031\"><h6 class=\"uagb-heading-text\">Fondateur et PR\u00c9SIDENT<br>GRAND-M\u00c8RE<\/h6><div class=\"uagb-separator\"><\/div><\/div>\n\n\n\n<div class=\"wp-block-uagb-advanced-heading uagb-block-55bb45f3\"><div class=\"uagb-heading-text\">COurtney J. GALLANT<\/div><div class=\"uagb-separator\"><\/div><\/div>\n<\/div>\n\n\n\n<div class=\"wp-block-uagb-container uagb-block-d1521ad1\">\n<div class=\"wp-block-uagb-image aligncenter uagb-block-70ebc566 wp-block-uagb-image--layout-default wp-block-uagb-image--effect-static wp-block-uagb-image--align-center\"><figure class=\"wp-block-uagb-image__figure\"><img loading=\"lazy\" decoding=\"async\" srcset=\"https:\/\/ntkdp.ca\/wp-content\/uploads\/2025\/11\/liftapp-1-397x1024.png ,https:\/\/ntkdp.ca\/wp-content\/uploads\/2025\/11\/liftapp-1.png 780w, https:\/\/ntkdp.ca\/wp-content\/uploads\/2025\/11\/liftapp-1.png 360w\" sizes=\"auto, (max-width: 480px) 150px\" src=\"https:\/\/ntkdp.ca\/wp-content\/uploads\/2025\/11\/liftapp-1-397x1024.png\" alt=\"liftapp\" class=\"uag-image-1295\" width=\"396\" height=\"1021\" title=\"liftapp\" role=\"img\"\/><\/figure><\/div>\n<\/div>\n\n\n\n<div class=\"wp-block-uagb-container uagb-block-7c0501f6\">\n<div class=\"wp-block-uagb-info-box uagb-block-85f80f5a uagb-infobox__content-wrap  uagb-infobox-icon-below-title uagb-infobox-image-valign-top\"><div class=\"uagb-ifb-content\"><div class=\"uagb-ifb-title-wrap\"><p class=\"uagb-ifb-title\">\u201cL'excellence est le fruit de la discipline, de l'int\u00e9grit\u00e9 et d'efforts incessants. Gr\u00e2ce \u00e0 ce programme, nous apportons une structure, une responsabilit\u00e9 et un enseignement de niveau international aux \u00e9tudiants de tout le pays. Chaque membre m\u00e9rite d'avoir la possibilit\u00e9 de s'entra\u00eener dans un but pr\u00e9cis, d'atteindre ses objectifs et de devenir plus fort, dans son corps et dans son esprit.\u201d<\/p><\/div><div class=\"uagb-ifb-image-content\"><img loading=\"lazy\" decoding=\"async\" src=\"https:\/\/ntkdp.ca\/wp-content\/uploads\/2025\/11\/sign_cj_gallant.png\" alt=\"sign cj gallant\" width=\"40\" height=\"12\" title=\"Accueil\"><\/div><\/div><\/div>\n<\/div>\n<\/div><\/div>\n\n\n\n<div class=\"wp-block-uagb-container uagb-block-eee573d4 alignfull uagb-is-root-container\"><div class=\"uagb-container-inner-blocks-wrap\">\n<div class=\"wp-block-uagb-container uagb-block-48cade60\">\n<div class=\"wp-block-uagb-advanced-heading uagb-block-29fd6a29\"><h6 class=\"uagb-heading-text\">T\u00e9moignage<\/h6><\/div>\n\n\n\n<div class=\"wp-block-uagb-advanced-heading uagb-block-4f908cd5\"><h2 class=\"uagb-heading-text\">Examens des \u00e9tudiants<\/h2><\/div>\n\n\n\n<div class=\"wp-block-uagb-container uagb-block-c6e9a0c0\">\n<div class=\"wp-block-uagb-container uagb-block-2d5e6966\">\n<div class=\"wp-block-uagb-star-rating uagb-block-1b0388f7\"><div class=\"uag-star-rating\" title=\"5\/5\"><span class=\"uag-star\">\u2605<\/span><span class=\"uag-star\">\u2605<\/span><span class=\"uag-star\">\u2605<\/span><span class=\"uag-star\">\u2605<\/span><span class=\"uag-star\">\u2605<\/span><\/div><\/div>\n<\/div>\n\n\n\n<div class=\"wp-block-uagb-container uagb-block-597494da\">\n<div class=\"wp-block-uagb-advanced-heading uagb-block-3b056ed5\"><p class=\"uagb-desc-text\"><strong>\u201cLe NTKDP a compl\u00e8tement chang\u00e9 ma fa\u00e7on de voir les arts martiaux.\u201d<\/strong><br>La structure, le professionnalisme et l'accent mis sur la tradition et la s\u00e9curit\u00e9 m'ont donn\u00e9 confiance d\u00e8s le premier jour. Les instructeurs sont patients, comp\u00e9tents et encourageants. Je n'aurais jamais cru \u00eatre capable d'ex\u00e9cuter des techniques aussi proprement, mais me voil\u00e0 qui donne des coups de pied plus hauts chaque semaine !<\/p><h6 class=\"uagb-heading-text\">ERIC M. (\u00c9tudiant adulte)<\/h6><\/div>\n\n\n\n<p><\/p>\n<\/div>\n<\/div>\n<\/div>\n\n\n\n<div class=\"wp-block-uagb-container uagb-block-8f615dae\">\n<div class=\"wp-block-uagb-image uagb-block-f11b53c7 wp-block-uagb-image--layout-default wp-block-uagb-image--effect-static wp-block-uagb-image--align-none\"><figure class=\"wp-block-uagb-image__figure\"><img loading=\"lazy\" decoding=\"async\" srcset=\"https:\/\/ntkdp.ca\/wp-content\/uploads\/2025\/11\/liftapp-6-992x1024.png ,https:\/\/ntkdp.ca\/wp-content\/uploads\/2025\/11\/liftapp-6.png 780w, https:\/\/ntkdp.ca\/wp-content\/uploads\/2025\/11\/liftapp-6.png 360w\" sizes=\"auto, (max-width: 480px) 150px\" src=\"https:\/\/ntkdp.ca\/wp-content\/uploads\/2025\/11\/liftapp-6-992x1024.png\" alt=\"liftapp 6\" class=\"uag-image-1309\" width=\"400\" height=\"400\" title=\"liftapp 6\" role=\"img\"\/><\/figure><\/div>\n<\/div>\n<\/div><\/div>\n\n\n\n<div class=\"wp-block-uagb-container uagb-block-95c02b52 alignfull uagb-is-root-container\"><div class=\"uagb-container-inner-blocks-wrap\">\n<div class=\"wp-block-uagb-container uagb-block-ab625bea\">\n<div class=\"wp-block-uagb-container uagb-block-5d1a5098\">\n<div class=\"wp-block-uagb-image uagb-block-e1317cb6 wp-block-uagb-image--layout-default wp-block-uagb-image--effect-static wp-block-uagb-image--align-none\"><figure class=\"wp-block-uagb-image__figure\"><img loading=\"lazy\" decoding=\"async\" srcset=\"https:\/\/ntkdp.ca\/wp-content\/uploads\/2025\/11\/liftapp-20-768x1024.png ,https:\/\/ntkdp.ca\/wp-content\/uploads\/2025\/11\/liftapp-20-scaled.png 780w, https:\/\/ntkdp.ca\/wp-content\/uploads\/2025\/11\/liftapp-20-scaled.png 360w\" sizes=\"auto, (max-width: 480px) 150px\" src=\"https:\/\/ntkdp.ca\/wp-content\/uploads\/2025\/11\/liftapp-20-768x1024.png\" alt=\"liftapp 20\" class=\"uag-image-1392\" width=\"100\" height=\"100\" title=\"liftapp 20\" role=\"img\"\/><\/figure><\/div>\n<\/div>\n\n\n\n<div class=\"wp-block-uagb-container uagb-block-3ae0249b\">\n<div class=\"wp-block-uagb-star-rating uagb-block-7b56b438\"><div class=\"uag-star-rating\" title=\"5\/5\"><span class=\"uag-star\">\u2605<\/span><span class=\"uag-star\">\u2605<\/span><span class=\"uag-star\">\u2605<\/span><span class=\"uag-star\">\u2605<\/span><span class=\"uag-star\">\u2605<\/span><\/div><\/div>\n\n\n\n<div class=\"wp-block-uagb-advanced-heading uagb-block-24469ce6\"><p class=\"uagb-desc-text\"><strong>&#8220;<\/strong>Coming Soon&#8221;<\/p><h6 class=\"uagb-heading-text\">CHRISTOPHE G.<\/h6><\/div>\n<\/div>\n<\/div>\n\n\n\n<div class=\"wp-block-uagb-container uagb-block-8cf33107\">\n<div class=\"wp-block-uagb-container uagb-block-18fced09\">\n<div class=\"wp-block-uagb-image uagb-block-a0c22c53 wp-block-uagb-image--layout-default wp-block-uagb-image--effect-static wp-block-uagb-image--align-none\"><figure class=\"wp-block-uagb-image__figure\"><img loading=\"lazy\" decoding=\"async\" srcset=\"https:\/\/ntkdp.ca\/wp-content\/uploads\/2025\/11\/liftapp-19-768x1024.png ,https:\/\/ntkdp.ca\/wp-content\/uploads\/2025\/11\/liftapp-19-scaled.png 780w, https:\/\/ntkdp.ca\/wp-content\/uploads\/2025\/11\/liftapp-19-scaled.png 360w\" sizes=\"auto, (max-width: 480px) 150px\" src=\"https:\/\/ntkdp.ca\/wp-content\/uploads\/2025\/11\/liftapp-19-768x1024.png\" alt=\"liftapp 19\" class=\"uag-image-1394\" width=\"100\" height=\"100\" title=\"liftapp 19\" role=\"img\"\/><\/figure><\/div>\n<\/div>\n\n\n\n<div class=\"wp-block-uagb-container uagb-block-c0d617b3\">\n<div class=\"wp-block-uagb-star-rating uagb-block-93df75d6\"><div class=\"uag-star-rating\" title=\"5\/5\"><span class=\"uag-star\">\u2605<\/span><span class=\"uag-star\">\u2605<\/span><span class=\"uag-star\">\u2605<\/span><span class=\"uag-star\">\u2605<\/span><span class=\"uag-star\">\u2605<\/span><\/div><\/div>\n\n\n\n<div class=\"wp-block-uagb-advanced-heading uagb-block-b77444c0\"><p class=\"uagb-desc-text\"><strong>&#8220;<\/strong>Coming Soon&#8221;<\/p><h6 class=\"uagb-heading-text\">GRAHAM S.<\/h6><\/div>\n<\/div>\n<\/div>\n<\/div><\/div>\n\n\n\n<div class=\"wp-block-uagb-container uag-blocks-common-selector uagb-block-3c3c29c7 alignfull uagb-is-root-container\"><div class=\"uagb-container-inner-blocks-wrap\">\n<div class=\"wp-block-uagb-container uagb-block-b0bb8fb4\">\n<div class=\"wp-block-uagb-advanced-heading uagb-block-eee383a6\"><div class=\"uagb-heading-text\">Rejoignez la classe d\u00e8s aujourd'hui !<\/div><\/div>\n<\/div>\n\n\n\n<div class=\"wp-block-uagb-container uagb-block-676f4e30\">\n<div class=\"wp-block-uagb-info-box uagb-block-b0d25d55 uagb-infobox__content-wrap  uagb-infobox-icon-above-title uagb-infobox-image-valign-top\"><div class=\"uagb-ifb-content\"><div class=\"uagb-ifb-title-wrap\"><\/div><p class=\"uagb-ifb-desc\"><em>\u201cL\u00e0 o\u00f9 la discipline rencontre la confiance, et o\u00f9 chaque \u00e9l\u00e8ve s'\u00e9l\u00e8ve.\u201d<\/em><\/p><\/div><\/div>\n\n\n\n<div class=\"wp-block-uagb-buttons uagb-buttons__outer-wrap uagb-btn__default-btn uagb-btn-tablet__default-btn uagb-btn-mobile__default-btn uagb-block-aaa72bb2\"><div class=\"uagb-buttons__wrap uagb-buttons-layout-wrap\">\n<div class=\"wp-block-uagb-buttons-child uagb-buttons__outer-wrap uagb-block-07ad4e12 wp-block-button\"><div class=\"uagb-button__wrapper\"><a class=\"uagb-buttons-repeater wp-block-button__link\" aria-label=\"\" href=\"https:\/\/ntkdp.ca\/fr\/join-the-national-taekwondo-program\/\" rel=\"follow noopener\" target=\"_self\" role=\"button\"><div class=\"uagb-button__link\">commencer<\/div><span class=\"uagb-button__icon uagb-button__icon-position-after\"><svg xmlns=\"https:\/\/www.w3.org\/2000\/svg\" viewbox=\"0 0 320 512\" aria-hidden=\"true\" focussable=\"false\"><path d=\"M318.4 304.5c-3.531 9.344-12.47 15.52-22.45 15.52h-105l45.15 94.82c9.496 19.94 1.031 43.8-18.91 53.31c-19.95 9.504-43.82 1.035-53.32-18.91L117.3 351.3l-75 88.25c-4.641 5.469-11.37 8.453-18.28 8.453c-2.781 0-5.578-.4844-8.281-1.469C6.281 443.1 0 434.1 0 423.1V56.02c0-9.438 5.531-18.03 14.12-21.91C22.75 30.26 32.83 31.77 39.87 37.99l271.1 240C319.4 284.6 321.1 295.1 318.4 304.5z\"><\/path><\/svg><\/span><\/a><\/div><\/div>\n<\/div><\/div>\n<\/div>\n<\/div><\/div>","protected":false},"excerpt":{"rendered":"<p>Welcome To Our PROGRAM Register now: (902) 403-3371 About Us Martial Arts The National Taekwondo Program provides modern, accessible martial arts training for students of all ages and abilities. Our instructors focus on confidence, discipline, physical fitness, and practical self-defense in a supportive environment. Whether you train online or in the dojang, our curriculum is [&hellip;]<\/p>","protected":false},"author":1,"featured_media":0,"parent":0,"menu_order":0,"comment_status":"closed","ping_status":"closed","template":"","meta":{"_surecart_dashboard_logo_width":"180px","_surecart_dashboard_show_logo":true,"_surecart_dashboard_navigation_orders":true,"_surecart_dashboard_navigation_invoices":true,"_surecart_dashboard_navigation_subscriptions":true,"_surecart_dashboard_navigation_downloads":true,"_surecart_dashboard_navigation_billing":true,"_surecart_dashboard_navigation_account":true,"_uag_custom_page_level_css":"","site-sidebar-layout":"default","site-content-layout":"page-builder","ast-site-content-layout":"full-width-container","site-content-style":"unboxed","site-sidebar-style":"unboxed","ast-global-header-display":"","ast-banner-title-visibility":"","ast-main-header-display":"","ast-hfb-above-header-display":"","ast-hfb-below-header-display":"","ast-hfb-mobile-header-display":"","site-post-title":"disabled","ast-breadcrumbs-content":"","ast-featured-img":"","footer-sml-layout":"","theme-transparent-header-meta":"enabled","adv-header-id-meta":"","stick-header-meta":"","header-above-stick-meta":"","header-main-stick-meta":"","header-below-stick-meta":"","astra-migrate-meta-layouts":"set","ast-page-background-enabled":"default","ast-page-background-meta":{"desktop":{"background-color":"","background-image":"","background-repeat":"repeat","background-position":"center center","background-size":"auto","background-attachment":"scroll","background-type":"","background-media":"","overlay-type":"","overlay-color":"","overlay-opacity":"","overlay-gradient":""},"tablet":{"background-color":"","background-image":"","background-repeat":"repeat","background-position":"center center","background-size":"auto","background-attachment":"scroll","background-type":"","background-media":"","overlay-type":"","overlay-color":"","overlay-opacity":"","overlay-gradient":""},"mobile":{"background-color":"","background-image":"","background-repeat":"repeat","background-position":"center center","background-size":"auto","background-attachment":"scroll","background-type":"","background-media":"","overlay-type":"","overlay-color":"","overlay-opacity":"","overlay-gradient":""}},"ast-content-background-meta":{"desktop":{"background-color":"var(--ast-global-color-5)","background-image":"","background-repeat":"repeat","background-position":"center center","background-size":"auto","background-attachment":"scroll","background-type":"","background-media":"","overlay-type":"","overlay-color":"","overlay-opacity":"","overlay-gradient":""},"tablet":{"background-color":"var(--ast-global-color-5)","background-image":"","background-repeat":"repeat","background-position":"center center","background-size":"auto","background-attachment":"scroll","background-type":"","background-media":"","overlay-type":"","overlay-color":"","overlay-opacity":"","overlay-gradient":""},"mobile":{"background-color":"var(--ast-global-color-5)","background-image":"","background-repeat":"repeat","background-position":"center center","background-size":"auto","background-attachment":"scroll","background-type":"","background-media":"","overlay-type":"","overlay-color":"","overlay-opacity":"","overlay-gradient":""}},"footnotes":""},"class_list":["post-247","page","type-page","status-publish","hentry"],"uagb_featured_image_src":{"full":false,"thumbnail":false,"medium":false,"medium_large":false,"large":false,"1536x1536":false,"2048x2048":false,"trp-custom-language-flag":false},"uagb_author_info":{"display_name":"gallantcj@outlook.com","author_link":"https:\/\/ntkdp.ca\/fr\/author\/gallantcjoutlook-com\/"},"uagb_comment_info":0,"uagb_excerpt":"Welcome To Our PROGRAM Register now: (902) 403-3371 About Us Martial Arts The National Taekwondo Program provides modern, accessible martial arts training for students of all ages and abilities. Our instructors focus on confidence, discipline, physical fitness, and practical self-defense in a supportive environment. Whether you train online or in the dojang, our curriculum is&hellip;","_links":{"self":[{"href":"https:\/\/ntkdp.ca\/fr\/wp-json\/wp\/v2\/pages\/247","targetHints":{"allow":["GET"]}}],"collection":[{"href":"https:\/\/ntkdp.ca\/fr\/wp-json\/wp\/v2\/pages"}],"about":[{"href":"https:\/\/ntkdp.ca\/fr\/wp-json\/wp\/v2\/types\/page"}],"author":[{"embeddable":true,"href":"https:\/\/ntkdp.ca\/fr\/wp-json\/wp\/v2\/users\/1"}],"replies":[{"embeddable":true,"href":"https:\/\/ntkdp.ca\/fr\/wp-json\/wp\/v2\/comments?post=247"}],"version-history":[{"count":38,"href":"https:\/\/ntkdp.ca\/fr\/wp-json\/wp\/v2\/pages\/247\/revisions"}],"predecessor-version":[{"id":1435,"href":"https:\/\/ntkdp.ca\/fr\/wp-json\/wp\/v2\/pages\/247\/revisions\/1435"}],"wp:attachment":[{"href":"https:\/\/ntkdp.ca\/fr\/wp-json\/wp\/v2\/media?parent=247"}],"curies":[{"name":"wp","href":"https:\/\/api.w.org\/{rel}","templated":true}]}}